{"id":119,"date":"2015-10-01T08:54:10","date_gmt":"2015-10-01T08:54:10","guid":{"rendered":"http:\/\/www.henrikpals.dk\/?page_id=119"},"modified":"2024-12-02T14:00:18","modified_gmt":"2024-12-02T14:00:18","slug":"influenzavaccine","status":"publish","type":"page","link":"https:\/\/henrikpals.dk\/?page_id=119","title":{"rendered":"Influenzavaccine"},"content":{"rendered":"<section  class='av_textblock_section av-av_textblock-e1e466ca6a53e0a7462f550e4aa2041f '   itemscope=\"itemscope\" itemtype=\"https:\/\/schema.org\/CreativeWork\" ><div class='avia_textblock'  itemprop=\"text\" ><p>Den er gratis for f\u00f8lgende\u00a0<strong>i perioden 01.10 til 31.12:<\/strong><\/p>\n<ul>\n<li>Personer, der p\u00e5 vaccinationstidspunktet er fyldt 65 \u00e5r.<\/li>\n<li>F\u00f8rtidspensionister.<\/li>\n<li>Kronisk syge, som nedenfor anf\u00f8rt, efter en l\u00e6gelig vurdering:<\/li>\n<li>Personer med kroniske lungesygdomme.<\/li>\n<li>Personer med hjerte- og karsygdomme (undtaget isoleret forh\u00f8jet blodtryk).<\/li>\n<li>Personer med diabetes 1 eller 2 (sukkersyge).<\/li>\n<li>Personer med medf\u00f8dt eller erhvervet immundefekt.<\/li>\n<li>Personer med p\u00e5virket respiration p\u00e5 grund af nedsat muskelkraft.<\/li>\n<li>Personer med kronisk lever- og nyresvigt.<\/li>\n<li>Personer med andre kroniske sygdomme, hvor tilstanden if\u00f8lge l\u00e6gens vurdering medf\u00f8rer, at influenza udg\u00f8r en alvorlig sundhedsrisiko.<\/li>\n<li>Personer med sv\u00e6r overv\u00e6gt (vejledende BMI>40) efter en l\u00e6gelig vurdering.<\/li>\n<li>Personer med andre alvorlige sygdomme, hvor tilstanden if\u00f8lge l\u00e6gens vurdering medf\u00f8rer, at influenza udg\u00f8r en alvorlig sundhedsrisiko.<\/li>\n<li>Gravide i 2. og 3. trimester.\u00a0<strong>( gratis fra 01.10 til udgangen af februar m\u00e5ned)<\/strong><\/li>\n<\/ul>\n<p>Personer, der ikke er omfattet af ovenst\u00e5ende tilbud, kan blive vaccineret for 200 kr. incl. vaccine.<\/p>\n<p>\u00a0<\/p>\n<\/div><\/section>\n\n<style type=\"text\/css\" data-created_by=\"avia_inline_auto\" id=\"style-css-av-m473kqcd-bea59404b330526672b126fce2c94ffe\">\n.avia-image-container.av-m473kqcd-bea59404b330526672b126fce2c94ffe img.avia_image{\nbox-shadow:none;\n}\n.avia-image-container.av-m473kqcd-bea59404b330526672b126fce2c94ffe .av-image-caption-overlay-center{\ncolor:#ffffff;\n}\n<\/style>\n<div  class='avia-image-container av-m473kqcd-bea59404b330526672b126fce2c94ffe av-styling- avia-align-center  avia-builder-el-1  el_after_av_textblock  avia-builder-el-last '   itemprop=\"image\" itemscope=\"itemscope\" itemtype=\"https:\/\/schema.org\/ImageObject\" ><div class=\"avia-image-container-inner\"><div class=\"avia-image-overlay-wrap\"><img decoding=\"async\" fetchpriority=\"high\" class='wp-image-483 avia-img-lazy-loading-not-483 avia_image ' src=\"https:\/\/henrikpals.dk\/wp-content\/uploads\/2024\/12\/pexels-olly-3783806-495x400.jpg\" alt='' title='pexels-olly-3783806'  height=\"400\" width=\"495\"  itemprop=\"thumbnailUrl\" srcset=\"https:\/\/henrikpals.dk\/wp-content\/uploads\/2024\/12\/pexels-olly-3783806-495x400.jpg 495w, https:\/\/henrikpals.dk\/wp-content\/uploads\/2024\/12\/pexels-olly-3783806-845x684.jpg 845w\" sizes=\"(max-width: 495px) 100vw, 495px\" \/><\/div><\/div><\/div>\n","protected":false},"excerpt":{"rendered":"","protected":false},"author":2,"featured_media":0,"parent":0,"menu_order":6,"comment_status":"closed","ping_status":"closed","template":"","meta":{"footnotes":""},"class_list":["post-119","page","type-page","status-publish","hentry"],"_links":{"self":[{"href":"https:\/\/henrikpals.dk\/index.php?rest_route=\/wp\/v2\/pages\/119","targetHints":{"allow":["GET"]}}],"collection":[{"href":"https:\/\/henrikpals.dk\/index.php?rest_route=\/wp\/v2\/pages"}],"about":[{"href":"https:\/\/henrikpals.dk\/index.php?rest_route=\/wp\/v2\/types\/page"}],"author":[{"embeddable":true,"href":"https:\/\/henrikpals.dk\/index.php?rest_route=\/wp\/v2\/users\/2"}],"replies":[{"embeddable":true,"href":"https:\/\/henrikpals.dk\/index.php?rest_route=%2Fwp%2Fv2%2Fcomments&post=119"}],"version-history":[{"count":9,"href":"https:\/\/henrikpals.dk\/index.php?rest_route=\/wp\/v2\/pages\/119\/revisions"}],"predecessor-version":[{"id":484,"href":"https:\/\/henrikpals.dk\/index.php?rest_route=\/wp\/v2\/pages\/119\/revisions\/484"}],"wp:attachment":[{"href":"https:\/\/henrikpals.dk\/index.php?rest_route=%2Fwp%2Fv2%2Fmedia&parent=119"}],"curies":[{"name":"wp","href":"https:\/\/api.w.org\/{rel}","templated":true}]}}