{"id":5,"date":"2014-01-30T13:30:57","date_gmt":"2014-01-30T13:30:57","guid":{"rendered":"http:\/\/www.henrikpals.dk\/?page_id=5"},"modified":"2025-11-04T08:40:38","modified_gmt":"2025-11-04T08:40:38","slug":"om-laegen","status":"publish","type":"page","link":"https:\/\/henrikpals.dk\/?page_id=5","title":{"rendered":"Om klinikken"},"content":{"rendered":"<section  class='av_textblock_section av-lqw2bfn9-ec453361d7d64d747f4bcf4e13d12859 '   itemscope=\"itemscope\" itemtype=\"https:\/\/schema.org\/CreativeWork\" ><div class='avia_textblock'  itemprop=\"text\" ><table border=\"0\" width=\"100%\" cellspacing=\"0\" cellpadding=\"4\">\n<colgroup>\n<col width=\"85\" \/>\n<col width=\"171\" \/> <\/colgroup>\n<tbody>\n<tr valign=\"TOP\">\n<td width=\"33%\"><strong>Praktiserende L\u00e6ge<\/strong><\/p>\n<p>Henrik Pals<\/td>\n<td width=\"67%\">\n<ul>\n<li>Speciall\u00e6ge i almen medicin.<\/li>\n<li>Praktiserende l\u00e6ge siden 1. marts 1999<\/li>\n<li>Tr\u00e6ffes alle hverdage, onsdage fra kl. 14.<\/li>\n<\/ul>\n<\/td>\n<\/tr>\n<tr valign=\"TOP\">\n<td width=\"33%\"><strong>Sekret\u00e6r<\/strong><\/p>\n<p>Lene Petersen<\/td>\n<td width=\"67%\">\n<ul>\n<li><span style=\"line-height: 19px;\">Uddannet Sundhedsservicesekret\u00e6r samt social- og sundhedsassistent,<\/span><\/li>\n<li><span style=\"line-height: 19px;\">Har erfaring fra gyn\u00e6kologisk klinik.<\/span><\/li>\n<li><span style=\"line-height: 19px;\">Varetager blodpr\u00f8vetagning, vaccinationer, suturfjernelse samt cellepr\u00f8ver og evt. podninger.<\/span><\/li>\n<\/ul>\n<\/td>\n<\/tr>\n<tr valign=\"TOP\">\n<td width=\"33%\"><strong>Uddannelsesl\u00e6ge <\/strong><\/td>\n<td width=\"67%\">\n<div dir=\"ltr\">Maja Miriam Friis<\/div>\n<div dir=\"ltr\">Uddannelsesl\u00e6ge fra 01.11.2025 frem til 30.04.2026<\/div>\n<\/td>\n<\/tr>\n<tr valign=\"TOP\">\n<td width=\"33%\"><\/td>\n<td width=\"67%\"><\/td>\n<\/tr>\n<tr valign=\"TOP\">\n<td width=\"33%\">\u00a0<strong>Privatlivspolitik for patienter<\/strong><\/td>\n<td width=\"67%\"><strong>\u00a0<\/strong><\/p>\n<p><strong>Behandling af oplysninger<\/strong><\/p>\n<p>I forbindelse med unders\u00f8gelse, diagnostik og behandling af dig som patient indsamler og behandler l\u00e6geklinikken Henrik Pals som dataansvarlig en r\u00e6kke personoplysninger om dig. Dette er vi forpligtet til efter autorisationslovens kap. 6 og journalf\u00f8ringsbekendtg\u00f8relsen.<\/p>\n<p>I denne privatlivspolitik beskrives, hvordan L\u00e6geklinikken Henrik Pals behandler, bruger og videregiver dine personoplysninger.<\/p>\n<p><strong>Typer af oplysninger <\/strong><\/p>\n<p>L\u00e6geklinikken Henrik Pals\u00a0 indsamler og behandler f\u00f8lgende typer af personoplysninger om dig (i det omfang det er relevant for netop dig):<\/p>\n<p><em>Almindelige kategorier af personoplysninger: <\/em><\/p>\n<ul>\n<li>Navn, adresse, evt. e-mailadresse, telefonnr., personnummer k\u00f8n, familierelationer og sociale relationer, arbejdsrelationer og uddannelse.<\/li>\n<\/ul>\n<p><em>S\u00e6rlige kategorier af personoplysninger (\u201df\u00f8lsomme personoplysninger\u201d): <\/em><\/p>\n<p>Helbredsoplysninger (f.eks. journaloplysninger, pr\u00f8vesvar, tests, r\u00f8ntgenbilleder, scanningsvar mv.), seksuelle forhold, race eller etnisk oprindelse samt religi\u00f8se forhold.<\/p>\n<p><strong>Form\u00e5l<\/strong><\/p>\n<p>Vi behandler dine personoplysninger til f\u00f8lgende form\u00e5l:<\/p>\n<ul>\n<li>Vores unders\u00f8gelse, diagnostisk og behandling af dig<\/li>\n<li>Udarbejdelse af l\u00e6geerkl\u00e6ringer<\/li>\n<li>Udarbejdelse af attester til brug for myndigheder, forsikringsselskaber mv.<\/li>\n<li>Kommunikation med eller henvisning til andre sundhedspersoner, l\u00e6ger, sygehuse eller sygehuslaboratorier<\/li>\n<li>Medicinordinationer, herunder udstedelse af recepter<\/li>\n<li>Indberetning til kliniske kvalitetsdatabaser<\/li>\n<li>Indberetning af laboratoriepr\u00f8ver til sygehuslaboratorier<\/li>\n<li>Afregningsform\u00e5l<\/li>\n<li>Overholde vores forpligtelser i henhold til g\u00e6ldende lovgivning, herunder EU\u2019s databeskyttelsesforordning, databeskyttelsesloven og anden relevant sundhedsretlig lovgivning, f.eks.\n<ul>\n<li>Dokumentationspligt<\/li>\n<li>Overholdelse af basale principper for behandling af personoplysninger og juridisk hjemmel for behandlingen<\/li>\n<li>Iv\u00e6rks\u00e6ttelse og vedligeholdelse af tekniske og organisatoriske sikkerhedsforanstaltninger, herunder men ikke begr\u00e6nset til at hindre uautoriseret adgang til systemer og oplysninger, hindre modtagelse eller distribution af ondsindet kode, standsning af overbelastningsangreb (denial-of-service-angreb) og beskadigelser af computersystemer og elektroniske kommunikationssystemer<\/li>\n<li>Unders\u00f8gelse af mistanke eller viden om sikkerhedsbrud og rapportering til individer og myndigheder<\/li>\n<li>H\u00e5ndtering af foresp\u00f8rgsler og klager fra registrerede og andre<\/li>\n<li>H\u00e5ndtering af inspektioner og foresp\u00f8rgsler fra tilsynsmyndigheder<\/li>\n<li>H\u00e5ndtering af tvister med registrerede og tredjeparter.<\/li>\n<li>Statistiske unders\u00f8gelser og videnskabelig forskning<\/li>\n<li>[inds\u00e6t andre forpligtelser i henhold til g\u00e6ldende lovgivning, hvis relevant]<\/li>\n<\/ul>\n<\/li>\n<\/ul>\n<p><strong>\u00a0<\/strong><\/p>\n<p><strong>Frivillighed<\/strong><\/p>\n<p>N\u00e5r vi indsamler personoplysninger direkte fra dig, giver du personoplysningerne frivilligt. Du er ikke forpligtet til at give disse personoplysninger til os. Konsekvensen af ikke at give os personoplysningerne vil v\u00e6re, at vi ikke kan varetage form\u00e5lene ovenfor, herunder at vi i nogle tilf\u00e6lde ikke kan unders\u00f8ge, diagnosticere eller behandle dig.<\/p>\n<p><strong>Kilder<\/strong><\/p>\n<p>I nogle tilf\u00e6lde indsamler vi personoplysninger om dig fra andre sundhedspersoner, f.eks. sygehuse eller ved opslag i elektroniske journalsystemer. Vi behandler de modtagende oplysninger i overensstemmelse med denne privatlivspolitik.<\/p>\n<p><strong>Videregivelse af personoplysninger<\/strong><\/p>\n<p>Idet omfang det er n\u00f8dvendigt for den konkrete unders\u00f8gelse, diagnosticering eller behandling af dig, vil dine personoplysninger blive videregivet og delt med f\u00f8lgende modtagere:<\/p>\n<ul>\n<li>Der videregives oplysninger til andre sundhedspersoner, hvis det er n\u00f8dvendigt af hensyn til et aktuelt behandlingsforl\u00f8b.<\/li>\n<li>Der videregives oplysninger til RKKP (kliniske kvalitetsdatabaser), Styrelsen for Patientsikkerhed, Sundhedsdatastyrelsen (medicin, vaccinationer, utilsigtede h\u00e6ndelser og d\u00f8dsfald), politi og domstole, sociale myndigheder, Arbejdsmarkedets Erhvervssikring i det omfang, at der foreligger en pligt hertil if\u00f8lge g\u00e6ldende lovgivning.<\/li>\n<li>Du har som patient adgang til dine egne oplysninger (indsigtsret).<\/li>\n<li>Ved henvisning af patienter videregives oplysninger til de sundhedspersoner, hvortil henvisningen er sendt.<\/li>\n<li>Ved indberetning af laboratoriepr\u00f8ver videregives pr\u00f8verne til sygehuslaboratorierne.<\/li>\n<li>Ved indberetning af oplysninger i forbindelse med afregning for patientbehandling videregives oplysninger til de regionale afregningskontorer.<\/li>\n<li>Ved udstedelse af recepter videregives oplysninger til landets apoteker og L\u00e6gemiddelstyrelsen via FMK.<\/li>\n<li>Ved indberetning til kliniske<\/li>\n<li>I andre tilf\u00e6lde videregives oplysninger til p\u00e5r\u00f8rende eller forsikringsselskaber.<\/li>\n<\/ul>\n<p><strong>Lovgrundlag for behandling og videregivelse af personoplysninger<\/strong><\/p>\n<p>Det juridiske grundlag for at indsamle, behandle og videregive dine personoplysninger er:<\/p>\n<ul>\n<li>Til brug for den almindelige patientbehandling indsamles, behandles og videregives almindelige personoplysninger i medf\u00f8r af databeskyttelsesforordningens artikel 6(1)(c) og (d), mens de f\u00f8lsomme personoplysninger indsamles, behandles og videregives i medf\u00f8r af databeskyttelsesforordningens artikel 9(2)(c) og (h).<\/li>\n<li>Herudover er vi forpligtet til at behandle en r\u00e6kke personoplysninger om dig ved den almindelige patientbehandling i medf\u00f8r af autorisationslovens kap. 6, bekendtg\u00f8relse om sundhedspersoners journaler (journalf\u00f8ringsbekendtg\u00f8relsen) s\u00e6rligt \u00a7\u00a7 5-10, samt sundhedslovens kap. 9.<\/li>\n<li>Oplysninger til brug for afregning for patientbehandling fremsendes en gang pr. m\u00e5ned til regionens afregningskontor efter reglerne i Overenskomst om almen praksissundhedslovens \u00a760.<\/li>\n<li>Medicinordinationer p\u00e5 recepter samt vaccinationer sendes via IT-tjenesten FMK efter reglerne i sundhedslovens \u00a7 157 og bekendtg\u00f8relse om recepter og dosisdispensering af l\u00e6gemidler s\u00e6rligt kap. 3.<\/li>\n<li>Kliniske patientdata videregives til kliniske kvalitetsdatabaser efter reglerne i sundhedslovens \u00a7\u00a7 195-196 og bekendtg\u00f8relse om indberetning af oplysninger til kliniske kvalitetsdatabaser m.v. Data kan ogs\u00e5 videregives p\u00e5 baggrund af et konkret samtykke fra dig som patient.<\/li>\n<li>Dine personoplysninger videregives alene til forsikringsselskaber med dit forudg\u00e5ende samtykke, jf. databeskyttelsesforordningens artikel 6(1)(a) og 9(2)(a).<\/li>\n<li>Dine personoplysninger videregives alene til dine p\u00e5r\u00f8rende med dit forudg\u00e5ende samtykke efter reglerne i sundhedslovens \u00a7 43.<\/li>\n<li>Ved afd\u00f8de patienter kan visse personoplysninger videregives til afd\u00f8des n\u00e6rmeste p\u00e5r\u00f8rende reglerne i sundhedslovens \u00a7 45.<\/li>\n<\/ul>\n<p><strong>Tilbagekaldelse af samtykke. <\/strong>Hvis behandlingen af dine personoplysninger er baseret p\u00e5 samtykke, har du ret til at tilbagekalde samtykket. Hvis du tilbagekalder samtykket, p\u00e5virker det ikke behandlingen forud for tilbagekaldelse af samtykket, herunder en videregivelse baseret p\u00e5 samtykke.<\/p>\n<p><strong>\u00a0<\/strong><\/p>\n<p><strong>\u00a0<\/strong><\/p>\n<p><strong>Brug af databehandlere<\/strong><\/p>\n<p>Dine personoplysninger behandles og opbevares hos vores databehandlere, som opbevarer dem p\u00e5 vegne af og efter instruks fra os. Vores databehandlere er p.t.<\/p>\n<ul>\n<li>Datagruppen Multimed<\/li>\n<li>DAK-E (digitale forl\u00f8bsplaner)<\/li>\n<li>DMDD, Webreq og Webpatient (bestilling af laboratoriepr\u00f8ver og opbevaring af borgerens svar p\u00e5 sp\u00f8rgeskemaer)<\/li>\n<\/ul>\n<p><strong>Opbevaringsperiode<\/strong><\/p>\n<p>Vi opbevarer personoplysninger om dig, s\u00e5 l\u00e6nge vi har behov for at varetage de overfor angivne form\u00e5l. Vi har dog i henhold til journalf\u00f8ringsbekendtg\u00f8relsen \u00a7 15 pligt til at opbevare disse i minimum 10 \u00e5r efter seneste tilf\u00f8rsel til journalen. Der kan opst\u00e5 tilf\u00e6lde hvor vi er n\u00f8dsaget til at opbevare dine personoplysninger i l\u00e6ngere tid, f.eks. i forbindelse med en klagesag eller erstatningssag, hvor oplysninger i s\u00e5 fald vil blive opbevaret, indtil sagen er endeligt afsluttet.<\/p>\n<p><strong>Dine<\/strong> <strong>rettigheder<\/strong><\/p>\n<p>Du har \u2013 med lovens begr\u00e6nsninger &#8211; visse rettigheder, herunder retten til indsigt i personoplysninger, retten til at f\u00e5 \u00e6ndret ukorrekte oplysninger, retten til at f\u00e5 slettet oplysninger, retten til at f\u00e5 begr\u00e6nset oplysninger, retten til dataportabilitet, retten til at g\u00f8re indsigelse mod behandlingen af personoplysningerne, herunder ift. automatiseret, individuel beslutningstagning (\u201dprofilering\u201d).<\/p>\n<p>I forhold til sletning er denne rettighed dog modificeret af journalf\u00f8ringsbekendtg\u00f8relsen, der i \u00a7 14 bestemmer, at der ikke m\u00e5 ske sletning i patientjournaler, men alene rettelse, tilf\u00f8jelse.<\/p>\n<p>Du har ogs\u00e5 ret til at klage til en kompetent tilsynsmyndighed, herunder Datatilsynet.<\/p>\n<p><strong>Kontakt<\/strong><\/p>\n<p>Hvis du har sp\u00f8rgsm\u00e5l vedr\u00f8rende behandlingen af dine personoplysninger eller udnyttelsen af dine rettigheder, er du velkommen til at kontakte os p\u00e5:<\/p>\n<p>Adresseoplysninger p\u00e5 klinikken:<\/p>\n<p>L\u00e6geklinikken Henrik Pals<\/p>\n<p>Griffenfeldsgade 46, 2 mf.<\/p>\n<p>2200 Kbh. N<\/td>\n<\/tr>\n<\/tbody>\n<\/table>\n<\/div><\/section>\n","protected":false},"excerpt":{"rendered":"","protected":false},"author":2,"featured_media":0,"parent":0,"menu_order":2,"comment_status":"open","ping_status":"closed","template":"","meta":{"footnotes":""},"class_list":["post-5","page","type-page","status-publish","hentry"],"_links":{"self":[{"href":"https:\/\/henrikpals.dk\/index.php?rest_route=\/wp\/v2\/pages\/5","targetHints":{"allow":["GET"]}}],"collection":[{"href":"https:\/\/henrikpals.dk\/index.php?rest_route=\/wp\/v2\/pages"}],"about":[{"href":"https:\/\/henrikpals.dk\/index.php?rest_route=\/wp\/v2\/types\/page"}],"author":[{"embeddable":true,"href":"https:\/\/henrikpals.dk\/index.php?rest_route=\/wp\/v2\/users\/2"}],"replies":[{"embeddable":true,"href":"https:\/\/henrikpals.dk\/index.php?rest_route=%2Fwp%2Fv2%2Fcomments&post=5"}],"version-history":[{"count":38,"href":"https:\/\/henrikpals.dk\/index.php?rest_route=\/wp\/v2\/pages\/5\/revisions"}],"predecessor-version":[{"id":509,"href":"https:\/\/henrikpals.dk\/index.php?rest_route=\/wp\/v2\/pages\/5\/revisions\/509"}],"wp:attachment":[{"href":"https:\/\/henrikpals.dk\/index.php?rest_route=%2Fwp%2Fv2%2Fmedia&parent=5"}],"curies":[{"name":"wp","href":"https:\/\/api.w.org\/{rel}","templated":true}]}}